{"id":106,"date":"2024-12-01T18:44:05","date_gmt":"2024-12-01T17:44:05","guid":{"rendered":"https:\/\/xn--fairuzrsterei-omb.de\/?page_id=106"},"modified":"2025-01-02T09:36:54","modified_gmt":"2025-01-02T08:36:54","slug":"ueber-uns","status":"publish","type":"page","link":"https:\/\/xn--fairuzrsterei-omb.de\/de\/ueber-uns\/","title":{"rendered":"\u00dcber uns"},"content":{"rendered":"\n<p>Bei Fairuz R\u00f6sterei ist es unser Ziel, hochwertige orientalische Produkte anzubieten, die Tradition und Exzellenz vereinen, und diese unseren Kunden auf die beste Weise zug\u00e4nglich zu machen.<\/p>\n\n\n\n<p>Produktqualit\u00e4t steht im Mittelpunkt unserer Arbeit und hat oberste Priorit\u00e4t.<br>Wir achten darauf, dass unsere Produkte nach den h\u00f6chsten Qualit\u00e4tsstandards hergestellt werden und w\u00e4hlen die Zutaten sorgf\u00e4ltig aus, um ein einzigartiges und besonderes Erlebnis zu gew\u00e4hrleisten.<\/p>\n\n\n\n<p>Unsere Schwerpunkte liegen auf orientalischen S\u00fc\u00dfwaren, arabischem Kaffee, N\u00fcssen und Snacks.<br>Wir legen gro\u00dfen Wert darauf, dass die N\u00fcsse frisch und von h\u00f6chster Qualit\u00e4t sind, und bieten eine vielf\u00e4ltige Auswahl an Snacks, die f\u00fcr jeden Geschmack geeignet sind. Unsere S\u00fc\u00dfwaren werden mit besonderen Zutaten hergestellt und bieten ein Geschmackserlebnis, das sowohl f\u00fcr Liebhaber leichter S\u00fc\u00dfe als auch f\u00fcr Fans von authentischem arabischem Kaffee perfekt ist.<\/p>\n\n\n\n<p>Unsere Vision<br>Wir m\u00f6chten unsere Kunden gl\u00fccklich machen, indem wir hochwertige orientalische Produkte anbieten, die die Sch\u00f6nheit und den Geist des Orients widerspiegeln.<\/p>\n","protected":false},"excerpt":{"rendered":"<p>Bei Fairuz R\u00f6sterei ist es unser Ziel, hochwertige orientalische Produkte anzubieten, die Tradition und Exzellenz vereinen, und diese unseren Kunden auf die beste Weise zug\u00e4nglich zu machen. Produktqualit\u00e4t steht im Mittelpunkt unserer Arbeit und hat oberste Priorit\u00e4t.Wir achten darauf, dass unsere Produkte nach den h\u00f6chsten Qualit\u00e4tsstandards hergestellt werden und w\u00e4hlen die Zutaten sorgf\u00e4ltig aus, um [&hellip;]<\/p>\n","protected":false},"author":1,"featured_media":0,"parent":0,"menu_order":0,"comment_status":"closed","ping_status":"closed","template":"template-fullwidth.php","meta":{"_acf_changed":false,"footnotes":""},"class_list":["post-106","page","type-page","status-publish","hentry"],"acf":[],"_links":{"self":[{"href":"https:\/\/xn--fairuzrsterei-omb.de\/de\/wp-json\/wp\/v2\/pages\/106","targetHints":{"allow":["GET"]}}],"collection":[{"href":"https:\/\/xn--fairuzrsterei-omb.de\/de\/wp-json\/wp\/v2\/pages"}],"about":[{"href":"https:\/\/xn--fairuzrsterei-omb.de\/de\/wp-json\/wp\/v2\/types\/page"}],"author":[{"embeddable":true,"href":"https:\/\/xn--fairuzrsterei-omb.de\/de\/wp-json\/wp\/v2\/users\/1"}],"replies":[{"embeddable":true,"href":"https:\/\/xn--fairuzrsterei-omb.de\/de\/wp-json\/wp\/v2\/comments?post=106"}],"version-history":[{"count":2,"href":"https:\/\/xn--fairuzrsterei-omb.de\/de\/wp-json\/wp\/v2\/pages\/106\/revisions"}],"predecessor-version":[{"id":551,"href":"https:\/\/xn--fairuzrsterei-omb.de\/de\/wp-json\/wp\/v2\/pages\/106\/revisions\/551"}],"wp:attachment":[{"href":"https:\/\/xn--fairuzrsterei-omb.de\/de\/wp-json\/wp\/v2\/media?parent=106"}],"curies":[{"name":"wp","href":"https:\/\/api.w.org\/{rel}","templated":true}]}}