{"id":108,"date":"2024-12-01T18:44:24","date_gmt":"2024-12-01T17:44:24","guid":{"rendered":"https:\/\/xn--fairuzrsterei-omb.de\/?page_id=108"},"modified":"2025-01-02T09:31:09","modified_gmt":"2025-01-02T08:31:09","slug":"datenschutzerklaerung","status":"publish","type":"page","link":"https:\/\/xn--fairuzrsterei-omb.de\/de\/datenschutzerklaerung\/","title":{"rendered":"Datenschutzerkl\u00e4rung"},"content":{"rendered":"\n<p>Fairuz R\u00f6sterei legt gro\u00dfen Wert auf den Schutz Ihrer pers\u00f6nlichen Daten. Wir behandeln Ihre Daten vertraulich und gem\u00e4\u00df den geltenden Datenschutzbestimmungen. Diese Datenschutzerkl\u00e4rung erl\u00e4utert, wie wir Ihre Daten erfassen, verwenden und sch\u00fctzen.<\/p>\n\n\n\n<p>Fairuz R\u00f6sterei<br>Hauptstra\u00dfe 60<br>14776 Brandenburg an der Havel<br>Deutschland<\/p>\n\n\n\n<p>Telefon: \u200e+49 176 84161586<br>E-Mail: info@fairuzr\u00f6sterei.de<\/p>\n\n\n\n<p>Personenbezogene Daten:<\/p>\n\n\n\n<p>Personenbezogene Daten sind Informationen wie Name, Adresse, Telefonnummer und E-Mail-Adresse, die verwendet werden k\u00f6nnen, um Ihre Identit\u00e4t zu bestimmen. Wir erheben und verwenden Ihre personenbezogenen Daten nur f\u00fcr die Zwecke, f\u00fcr die Sie uns diese zur Verf\u00fcgung gestellt haben, z. B. zur Bearbeitung von Bestellungen oder zur Beantwortung von Anfragen. Wir geben Ihre personenbezogenen Daten nicht ohne Ihre ausdr\u00fcckliche Zustimmung an Dritte weiter, es sei denn, wir sind gesetzlich dazu verpflichtet.<\/p>\n\n\n\n<p>Nutzungsbezogene Daten:<\/p>\n\n\n\n<p>Unser Webserver erfasst automatisch Daten \u00fcber Besuche auf unserer Website (Server-Logs). Diese Daten umfassen:<\/p>\n\n\n\n<p>IP-Adresse des zugreifenden Ger\u00e4ts<\/p>\n\n\n\n<p>Datum und Uhrzeit des Zugriffs<\/p>\n\n\n\n<p>Abgerufene Seiten<\/p>\n\n\n\n<p>\u00dcbertragene Datenmenge<\/p>\n\n\n\n<p>Informationen \u00fcber den verwendeten Browser und das Betriebssystem<\/p>\n\n\n\n<p>Referrer-Website<\/p>\n\n\n\n<p>Name des Internetanbieters<\/p>\n\n\n\n<p>Diese Daten werden verwendet, um den Betrieb der Website zu gew\u00e4hrleisten, die Sicherheit zu erh\u00f6hen und das Benutzererlebnis zu verbessern.<\/p>\n\n\n\n<p>Inhalte und Dienste von Drittanbietern:<\/p>\n\n\n\n<p>Unsere Website kann Inhalte und Dienste von Drittanbietern wie Google Maps oder YouTube enthalten. Diese Anbieter k\u00f6nnen Ihre IP-Adresse sammeln. Wir empfehlen, die Datenschutzrichtlinien dieser Drittanbieter zu lesen:<\/p>\n\n\n\n<p>Facebook<\/p>\n\n\n\n<p>Instagram<\/p>\n\n\n\n<p>YouTube<\/p>\n\n\n\n<p>Cookies:<\/p>\n\n\n\n<p>Unsere Website verwendet Cookies, um die Benutzererfahrung zu verbessern. Cookies sind kleine Dateien, die auf Ihrem Ger\u00e4t gespeichert werden, um Ihre Pr\u00e4ferenzen zu speichern und die Navigation auf der Website zu erleichtern. Sie k\u00f6nnen Cookies \u00fcber die Einstellungen Ihres Browsers deaktivieren, was jedoch einige Funktionen der Website beeintr\u00e4chtigen kann.<\/p>\n\n\n\n<p>SSL-Verschl\u00fcsselung:<\/p>\n\n\n\n<p>Wir verwenden SSL-Verschl\u00fcsselung, um sicherzustellen, dass sensible Informationen wie Zahlungsdetails oder Anfragen \u00fcber unsere Website gesch\u00fctzt sind. Sie k\u00f6nnen eine sichere Verbindung daran erkennen, dass &#8222;https:\/\/&#8220; in der Adresszeile Ihres Browsers angezeigt wird.<\/p>\n\n\n\n<p>Kontakt:<\/p>\n\n\n\n<p>Sie k\u00f6nnen uns per E-Mail oder Telefon kontaktieren. Die uns \u00fcbermittelten Daten werden nur zur Bearbeitung Ihrer Anfrage verwendet und nicht an Dritte weitergegeben. Die Daten werden nur so lange gespeichert, wie es f\u00fcr die Erreichung des Zwecks der Anfrage notwendig ist.<\/p>\n","protected":false},"excerpt":{"rendered":"<p>Fairuz R\u00f6sterei legt gro\u00dfen Wert auf den Schutz Ihrer pers\u00f6nlichen Daten. Wir behandeln Ihre Daten vertraulich und gem\u00e4\u00df den geltenden Datenschutzbestimmungen. Diese Datenschutzerkl\u00e4rung erl\u00e4utert, wie wir Ihre Daten erfassen, verwenden und sch\u00fctzen. Fairuz R\u00f6stereiHauptstra\u00dfe 6014776 Brandenburg an der HavelDeutschland Telefon: \u200e+49 176 84161586E-Mail: info@fairuzr\u00f6sterei.de Personenbezogene Daten: Personenbezogene Daten sind Informationen wie Name, Adresse, Telefonnummer und [&hellip;]<\/p>\n","protected":false},"author":1,"featured_media":0,"parent":0,"menu_order":0,"comment_status":"closed","ping_status":"closed","template":"template-fullwidth.php","meta":{"_acf_changed":false,"footnotes":""},"class_list":["post-108","page","type-page","status-publish","hentry"],"acf":[],"_links":{"self":[{"href":"https:\/\/xn--fairuzrsterei-omb.de\/de\/wp-json\/wp\/v2\/pages\/108","targetHints":{"allow":["GET"]}}],"collection":[{"href":"https:\/\/xn--fairuzrsterei-omb.de\/de\/wp-json\/wp\/v2\/pages"}],"about":[{"href":"https:\/\/xn--fairuzrsterei-omb.de\/de\/wp-json\/wp\/v2\/types\/page"}],"author":[{"embeddable":true,"href":"https:\/\/xn--fairuzrsterei-omb.de\/de\/wp-json\/wp\/v2\/users\/1"}],"replies":[{"embeddable":true,"href":"https:\/\/xn--fairuzrsterei-omb.de\/de\/wp-json\/wp\/v2\/comments?post=108"}],"version-history":[{"count":3,"href":"https:\/\/xn--fairuzrsterei-omb.de\/de\/wp-json\/wp\/v2\/pages\/108\/revisions"}],"predecessor-version":[{"id":542,"href":"https:\/\/xn--fairuzrsterei-omb.de\/de\/wp-json\/wp\/v2\/pages\/108\/revisions\/542"}],"wp:attachment":[{"href":"https:\/\/xn--fairuzrsterei-omb.de\/de\/wp-json\/wp\/v2\/media?parent=108"}],"curies":[{"name":"wp","href":"https:\/\/api.w.org\/{rel}","templated":true}]}}