{"id":112,"date":"2024-12-01T18:44:44","date_gmt":"2024-12-01T17:44:44","guid":{"rendered":"https:\/\/xn--fairuzrsterei-omb.de\/?page_id=112"},"modified":"2025-01-02T09:35:36","modified_gmt":"2025-01-02T08:35:36","slug":"rueckerstattungsrichtlinie","status":"publish","type":"page","link":"https:\/\/xn--fairuzrsterei-omb.de\/de\/rueckerstattungsrichtlinie\/","title":{"rendered":"R\u00fcckerstattungsrichtlinie"},"content":{"rendered":"\n<p>Verbraucher haben das Recht, diesen Vertrag innerhalb von vierzehn Tagen ohne Angabe von Gr\u00fcnden zu widerrufen. Die Widerrufsfrist betr\u00e4gt vierzehn Tage ab dem Tag, an dem Sie oder ein von Ihnen benannter Dritter, der nicht der Bef\u00f6rderer ist, die Waren in Besitz genommen haben bzw. hat.<\/p>\n\n\n\n<p>Bei Vertr\u00e4gen \u00fcber mehrere Waren, die im Rahmen einer einheitlichen Bestellung bestellt, aber getrennt geliefert wurden, beginnt die Widerrufsfrist ab dem Tag, an dem Sie oder ein von Ihnen benannter Dritter, der nicht der Bef\u00f6rderer ist, die letzte Ware in Besitz genommen haben bzw. hat.<\/p>\n\n\n\n<p>Um Ihr Widerrufsrecht auszu\u00fcben, m\u00fcssen Sie uns schriftlich \u00fcber Ihren Entschluss informieren, diesen Vertrag zu widerrufen. Dies kann per Post, Fax oder E-Mail erfolgen:<\/p>\n\n\n\n<p>Fairuz R\u00f6sterei<br>Hauptstra\u00dfe 60<br>14776 Brandenburg an der Havel<br>Deutschland<\/p>\n\n\n\n<p>Telefon: \u200e+49 176 84161586<br>E-Mail: info@fairuz-roesterei.de<\/p>\n\n\n\n<p>Nach Eingang Ihres Widerrufs erhalten Sie von uns eine Best\u00e4tigung (z. B. per E-Mail). Die Widerrufsfrist ist gewahrt, wenn Sie Ihre Widerrufserkl\u00e4rung vor Ablauf der Frist absenden.<\/p>\n\n\n\n<hr class=\"wp-block-separator has-alpha-channel-opacity\"\/>\n\n\n\n<p>Folgen des Widerrufs<\/p>\n\n\n\n<p>Wenn Sie diesen Vertrag widerrufen, erstatten wir Ihnen alle Zahlungen, die wir von Ihnen erhalten haben, einschlie\u00dflich der Lieferkosten (mit Ausnahme zus\u00e4tzlicher Kosten, die entstehen, wenn Sie eine andere Lieferart als unsere g\u00fcnstigste Standardlieferung gew\u00e4hlt haben). Die R\u00fcckerstattung erfolgt unverz\u00fcglich, sp\u00e4testens jedoch binnen vierzehn Tagen ab dem Tag, an dem wir Ihre Widerrufserkl\u00e4rung erhalten haben.<\/p>\n\n\n\n<p>F\u00fcr die R\u00fcckzahlung verwenden wir dasselbe Zahlungsmittel, das Sie bei der urspr\u00fcnglichen Transaktion genutzt haben, es sei denn, es wurde ausdr\u00fccklich etwas anderes vereinbart. In keinem Fall werden Ihnen wegen dieser R\u00fcckzahlung Geb\u00fchren berechnet.<\/p>\n\n\n\n<p>Wir k\u00f6nnen die R\u00fcckzahlung verweigern, bis wir die Ware zur\u00fcckerhalten haben oder Sie den Nachweis erbracht haben, dass Sie die Ware zur\u00fcckgesendet haben.<\/p>\n\n\n\n<p>Sie m\u00fcssen die Waren unverz\u00fcglich, sp\u00e4testens jedoch binnen vierzehn Tagen ab dem Tag, an dem Sie uns \u00fcber den Widerruf dieses Vertrags informiert haben, an uns zur\u00fccksenden oder \u00fcbergeben. Die Frist ist gewahrt, wenn Sie die Waren vor Ablauf der vierzehn Tage absenden.<\/p>\n\n\n\n<p>R\u00fccksendekosten:<br>Sie tragen die unmittelbaren Kosten der R\u00fccksendung der Waren.<\/p>\n\n\n\n<p>Wertverlust:<br>Sie m\u00fcssen f\u00fcr einen Wertverlust der Ware aufkommen, wenn dieser Wertverlust auf einen Umgang zur\u00fcckzuf\u00fchren ist, der zur Pr\u00fcfung der Beschaffenheit, Eigenschaften und Funktionsweise der Waren nicht notwendig war.<\/p>\n\n\n\n<hr class=\"wp-block-separator has-alpha-channel-opacity\"\/>\n\n\n\n<p>Ausschluss- bzw. Erl\u00f6schensgr\u00fcnde des Widerrufsrechts<\/p>\n\n\n\n<p>Das Widerrufsrecht ist ausgeschlossen bei:<\/p>\n\n\n\n<p>Waren, die nicht vorgefertigt sind und f\u00fcr deren Herstellung eine individuelle Auswahl oder Bestimmung durch den Verbraucher erforderlich ist, oder die eindeutig auf die pers\u00f6nlichen Bed\u00fcrfnisse des Verbrauchers zugeschnitten sind.<\/p>\n\n\n\n<p>Waren, die schnell verderben k\u00f6nnen oder deren Verfallsdatum schnell \u00fcberschritten w\u00fcrde (z. B. leicht verderbliche Lebensmittel).<\/p>\n\n\n\n<p>Lebensmitteln generell, die vom Widerrufsrecht ausgeschlossen sind.<\/p>\n\n\n\n<p>Waren, die nach der Lieferung aufgrund ihrer Beschaffenheit untrennbar mit anderen G\u00fctern vermischt wurden.<\/p>\n","protected":false},"excerpt":{"rendered":"<p>Verbraucher haben das Recht, diesen Vertrag innerhalb von vierzehn Tagen ohne Angabe von Gr\u00fcnden zu widerrufen. Die Widerrufsfrist betr\u00e4gt vierzehn Tage ab dem Tag, an dem Sie oder ein von Ihnen benannter Dritter, der nicht der Bef\u00f6rderer ist, die Waren in Besitz genommen haben bzw. hat. Bei Vertr\u00e4gen \u00fcber mehrere Waren, die im Rahmen einer [&hellip;]<\/p>\n","protected":false},"author":1,"featured_media":0,"parent":0,"menu_order":0,"comment_status":"closed","ping_status":"closed","template":"template-fullwidth.php","meta":{"_acf_changed":false,"footnotes":""},"class_list":["post-112","page","type-page","status-publish","hentry"],"acf":[],"_links":{"self":[{"href":"https:\/\/xn--fairuzrsterei-omb.de\/de\/wp-json\/wp\/v2\/pages\/112","targetHints":{"allow":["GET"]}}],"collection":[{"href":"https:\/\/xn--fairuzrsterei-omb.de\/de\/wp-json\/wp\/v2\/pages"}],"about":[{"href":"https:\/\/xn--fairuzrsterei-omb.de\/de\/wp-json\/wp\/v2\/types\/page"}],"author":[{"embeddable":true,"href":"https:\/\/xn--fairuzrsterei-omb.de\/de\/wp-json\/wp\/v2\/users\/1"}],"replies":[{"embeddable":true,"href":"https:\/\/xn--fairuzrsterei-omb.de\/de\/wp-json\/wp\/v2\/comments?post=112"}],"version-history":[{"count":2,"href":"https:\/\/xn--fairuzrsterei-omb.de\/de\/wp-json\/wp\/v2\/pages\/112\/revisions"}],"predecessor-version":[{"id":549,"href":"https:\/\/xn--fairuzrsterei-omb.de\/de\/wp-json\/wp\/v2\/pages\/112\/revisions\/549"}],"wp:attachment":[{"href":"https:\/\/xn--fairuzrsterei-omb.de\/de\/wp-json\/wp\/v2\/media?parent=112"}],"curies":[{"name":"wp","href":"https:\/\/api.w.org\/{rel}","templated":true}]}}