{"id":326,"date":"2024-12-18T20:46:39","date_gmt":"2024-12-18T19:46:39","guid":{"rendered":"https:\/\/xn--fairuzrsterei-omb.de\/?post_type=product&#038;p=326"},"modified":"2026-03-04T15:26:01","modified_gmt":"2026-03-04T14:26:01","slug":"pistazien-baklava-mix","status":"publish","type":"product","link":"https:\/\/xn--fairuzrsterei-omb.de\/de\/product\/pistazien-baklava-mix\/","title":{"rendered":"Pistazien Baklava mix"},"content":{"rendered":"<p>Verschiedene Baklava- und Fadenteig- Sorten, gef\u00fcllt mit edlen Pistazien.<\/p>\n<ul>\n<li>Zutaten:\u00a0<strong><span class=\"TextRun SCXW28045442 BCX8\" data-contrast=\"auto\"><span class=\"NormalTextRun SCXW28045442 BCX8\">Pistazie<\/span><\/span><\/strong><span class=\"TextRun SCXW28045442 BCX8\" data-contrast=\"auto\"><span class=\"NormalTextRun SCXW28045442 BCX8\">,\u00a0<\/span><\/span><strong><span class=\"TextRun SCXW28045442 BCX8\" data-contrast=\"auto\"><span class=\"NormalTextRun SCXW28045442 BCX8\">Weizenmehl<\/span><\/span><\/strong><span class=\"TextRun SCXW28045442 BCX8\" data-contrast=\"auto\"><span class=\"NormalTextRun SCXW28045442 BCX8\">,\u00a0<\/span><\/span><span class=\"TextRun SCXW28045442 BCX8\" data-contrast=\"auto\"><span class=\"NormalTextRun SCXW28045442 BCX8\">Ghee (gekl\u00e4rte Butter), Zucker, Wasser<\/span><\/span><span class=\"TextRun SCXW28045442 BCX8\" data-contrast=\"auto\"><span class=\"NormalTextRun SCXW28045442 BCX8\">.<\/span><\/span><\/li>\n<li><span style=\"font-weight: 400\">Nicht gentechnisch ver\u00e4ndertes Produkt<\/span><\/li>\n<li><span style=\"font-weight: 400\">an einem k\u00fchlen und trockenen Ort bei einer Temperatur zwischen (15 \u00b0 -20 \u00b0) Grad aufbewahren. &#8222;Allergenerkl\u00e4rung Dieses Produkt: enth\u00e4lt m\u00f6glicherweise Weizengluten, N\u00fcsse und Milchprodukte.<\/span><\/li>\n<li><span style=\"font-weight: 400\">Wir sind\u00a0nicht f\u00fcr eine schlechte Lagerung verantwortlich.<\/span><\/li>\n<\/ul>\n<p><strong>N\u00e4hrwertangaben Durchschnittswert<\/strong><\/p>\n<div class=\"rte__table-wrapper\">\n<div class=\"rte__table-wrapper\">\n<table width=\"100%\">\n<tbody>\n<tr>\n<td style=\"width: 45.9281%\">N\u00e4hrwertangaben menge<\/td>\n<td style=\"width: 50.0719%\">per 100g<\/td>\n<\/tr>\n<tr>\n<td style=\"width: 45.9281%\">Energie<\/td>\n<td style=\"width: 50.0719%\">506\u00a0kcal<\/td>\n<\/tr>\n<tr>\n<td style=\"width: 45.9281%\">Eiwei\u00df<\/td>\n<td style=\"width: 50.0719%\">10,69 g<\/td>\n<\/tr>\n<tr>\n<td style=\"width: 45.9281%\">Kohlenhydraten<\/td>\n<td style=\"width: 50.0719%\">38,1 g<\/td>\n<\/tr>\n<tr>\n<td style=\"width: 45.9281%\">davon Zucker<\/td>\n<td style=\"width: 50.0719%\">17\u00a0 g<\/td>\n<\/tr>\n<tr>\n<td style=\"width: 45.9281%\">Fett<\/td>\n<td style=\"width: 50.0719%\">31,58 g<\/td>\n<\/tr>\n<tr>\n<td style=\"width: 45.9281%\">davon ges\u00e4ttigte Fetts\u00e4uren<\/td>\n<td style=\"width: 50.0719%\">16 g<\/td>\n<\/tr>\n<tr>\n<td style=\"width: 45.9281%\">Salz<\/td>\n<td style=\"width: 50.0719%\">0,27 g<\/td>\n<\/tr>\n<\/tbody>\n<\/table>\n<\/div>\n<\/div>\n","protected":false},"excerpt":{"rendered":"<p>Verschiedene Baklava- und Fadenteig- Sorten, gef\u00fcllt mit edlen Pistazien. Zutaten:\u00a0Pistazie,\u00a0Weizenmehl,\u00a0Ghee (gekl\u00e4rte Butter), Zucker, Wasser. Nicht gentechnisch ver\u00e4ndertes Produkt an einem k\u00fchlen und trockenen Ort bei einer Temperatur zwischen (15 \u00b0 -20 \u00b0) Grad aufbewahren. &#8222;Allergenerkl\u00e4rung Dieses Produkt: enth\u00e4lt m\u00f6glicherweise Weizengluten, N\u00fcsse und Milchprodukte. Wir sind\u00a0nicht f\u00fcr eine schlechte Lagerung verantwortlich. N\u00e4hrwertangaben Durchschnittswert N\u00e4hrwertangaben menge per [&hellip;]<\/p>\n","protected":false},"featured_media":692,"comment_status":"open","ping_status":"closed","template":"","meta":{"_acf_changed":false},"product_brand":[],"product_cat":[30],"product_tag":[],"class_list":{"0":"post-326","1":"product","2":"type-product","3":"status-publish","4":"has-post-thumbnail","6":"product_cat-fairuz-suessigkeiten","8":"first","9":"instock","10":"taxable","11":"shipping-taxable","12":"purchasable","13":"product-type-variable"},"acf":[],"_links":{"self":[{"href":"https:\/\/xn--fairuzrsterei-omb.de\/de\/wp-json\/wp\/v2\/product\/326","targetHints":{"allow":["GET"]}}],"collection":[{"href":"https:\/\/xn--fairuzrsterei-omb.de\/de\/wp-json\/wp\/v2\/product"}],"about":[{"href":"https:\/\/xn--fairuzrsterei-omb.de\/de\/wp-json\/wp\/v2\/types\/product"}],"replies":[{"embeddable":true,"href":"https:\/\/xn--fairuzrsterei-omb.de\/de\/wp-json\/wp\/v2\/comments?post=326"}],"wp:featuredmedia":[{"embeddable":true,"href":"https:\/\/xn--fairuzrsterei-omb.de\/de\/wp-json\/wp\/v2\/media\/692"}],"wp:attachment":[{"href":"https:\/\/xn--fairuzrsterei-omb.de\/de\/wp-json\/wp\/v2\/media?parent=326"}],"wp:term":[{"taxonomy":"product_brand","embeddable":true,"href":"https:\/\/xn--fairuzrsterei-omb.de\/de\/wp-json\/wp\/v2\/product_brand?post=326"},{"taxonomy":"product_cat","embeddable":true,"href":"https:\/\/xn--fairuzrsterei-omb.de\/de\/wp-json\/wp\/v2\/product_cat?post=326"},{"taxonomy":"product_tag","embeddable":true,"href":"https:\/\/xn--fairuzrsterei-omb.de\/de\/wp-json\/wp\/v2\/product_tag?post=326"}],"curies":[{"name":"wp","href":"https:\/\/api.w.org\/{rel}","templated":true}]}}