{"id":340,"date":"2024-12-18T20:51:06","date_gmt":"2024-12-18T19:51:06","guid":{"rendered":"https:\/\/xn--fairuzrsterei-omb.de\/?post_type=product&#038;p=340"},"modified":"2026-03-04T15:07:16","modified_gmt":"2026-03-04T14:07:16","slug":"barazek","status":"publish","type":"product","link":"https:\/\/xn--fairuzrsterei-omb.de\/de\/product\/barazek\/","title":{"rendered":"Barazek"},"content":{"rendered":"<p>Der hausgemachte Barazek (Sesam Kekse) Teig wird mit einer dicken Schicht ges\u00fc\u00dften und ger\u00f6steten Sesam \u00fcberbacken und von unten mit Pistazienscheiben belegt.<\/p>\n<p>Sehr knusprig, aromatic und lecker<\/p>\n<p><span class=\"TextRun BCX8 SCXW193837270\" lang=\"DE-DE\" xml:lang=\"DE-DE\" data-contrast=\"auto\"><span class=\"NormalTextRun BCX8 SCXW193837270\">Zutaten:\u00a0<\/span><\/span><span class=\"TextRun BCX8 SCXW193837270\" lang=\"DE-DE\" xml:lang=\"DE-DE\" data-contrast=\"auto\"><strong><span class=\"NormalTextRun BCX8 SCXW193837270\">Weizenmehl<\/span><\/strong><span class=\"NormalTextRun BCX8 SCXW193837270\">,<\/span><span class=\"NormalTextRun BCX8 SCXW193837270\">\u00a0<strong>30%\u00a0<\/strong><\/span><strong><span class=\"NormalTextRun BCX8 SCXW193837270\">Sesam<\/span><\/strong><span class=\"NormalTextRun BCX8 SCXW193837270\">,<\/span><\/span><span class=\"TextRun BCX8 SCXW193837270\" lang=\"DE-DE\" xml:lang=\"DE-DE\" data-contrast=\"auto\"><span class=\"NormalTextRun BCX8 SCXW193837270\">\u00a0<\/span><span class=\"NormalTextRun BCX8 SCXW193837270\">Ghee<\/span><span class=\"NormalTextRun BCX8 SCXW193837270\">\u00a0(gekl\u00e4rte Butter), Zucker, Wasser,\u00a0<\/span><\/span><strong><span class=\"TextRun BCX8 SCXW193837270\" lang=\"DE-DE\" xml:lang=\"DE-DE\" data-contrast=\"auto\"><span class=\"NormalTextRun BCX8 SCXW193837270\">Pistazie<\/span><\/span><\/strong><span class=\"TextRun BCX8 SCXW193837270\" lang=\"DE-DE\" xml:lang=\"DE-DE\" data-contrast=\"auto\"><span class=\"NormalTextRun BCX8 SCXW193837270\">.<\/span><\/span><span class=\"LineBreakBlob BlobObject DragDrop BCX8 SCXW193837270\"><br class=\"BCX8 SCXW193837270\" \/><\/span><\/p>\n<p><span class=\"TextRun BCX8 SCXW193837270\" lang=\"DE-DE\" xml:lang=\"DE-DE\" data-contrast=\"auto\"><span class=\"NormalTextRun BCX8 SCXW193837270\"><span class=\"TextRun SCXW31659196 BCX8\" lang=\"DE-DE\" xml:lang=\"DE-DE\" data-contrast=\"auto\"><span class=\"NormalTextRun SCXW31659196 BCX8\">*Nicht gentechnisch ver\u00e4ndertes Produkt an einem k\u00fchlen und trockenen Ort bei einer Temperatur zwischen (15 \u00b0 -20 \u00b0) G<\/span><span class=\"NormalTextRun SCXW31659196 BCX8\">rad aufbewahren. &#8222;Allergien Erkl\u00e4rung Dieses Produkt: enth\u00e4lt m\u00f6glicherweise Weizengluten, N\u00fcsse und Milchprodukte. * Die Quelle ist nicht f\u00fcr eine schlechte Lagerung verantwortlich.<\/span><\/span><\/span><\/span><\/p>\n<h3><strong>N\u00e4hrwertangaben Durchschnittswert<\/strong><\/h3>\n<div class=\"rte__table-wrapper\">\n<table>\n<tbody>\n<tr>\n<td>Nutrition Facts Average value<\/td>\n<td>per 100g<\/td>\n<\/tr>\n<tr>\n<td>Fett\/fat<\/p>\n<p>davon\u00a0ges\u00e4ttigte\u00a0Fetts\u00e4uren\/ of which saturates<\/td>\n<td>41,08g<\/p>\n<p>30g<\/td>\n<\/tr>\n<tr>\n<td>Kohlenhydraten\/ carbohydrate<\/p>\n<p>davon Zucker\/ of which sugars<\/td>\n<td>54,1g<\/p>\n<p>8,1<\/td>\n<\/tr>\n<tr>\n<td>Eiwei\u00df\/ protein<\/td>\n<td>13,69g<\/td>\n<\/tr>\n<tr>\n<td>Salz\/salt<\/td>\n<td>0,27g<\/td>\n<\/tr>\n<\/tbody>\n<\/table>\n<\/div>\n","protected":false},"excerpt":{"rendered":"<p>Der hausgemachte Barazek (Sesam Kekse) Teig wird mit einer dicken Schicht ges\u00fc\u00dften und ger\u00f6steten Sesam \u00fcberbacken und von unten mit Pistazienscheiben belegt. Sehr knusprig, aromatic und lecker Zutaten:\u00a0Weizenmehl,\u00a030%\u00a0Sesam,\u00a0Ghee\u00a0(gekl\u00e4rte Butter), Zucker, Wasser,\u00a0Pistazie. *Nicht gentechnisch ver\u00e4ndertes Produkt an einem k\u00fchlen und trockenen Ort bei einer Temperatur zwischen (15 \u00b0 -20 \u00b0) Grad aufbewahren. &#8222;Allergien Erkl\u00e4rung Dieses Produkt: [&hellip;]<\/p>\n","protected":false},"featured_media":691,"comment_status":"open","ping_status":"closed","template":"","meta":{"_acf_changed":false},"product_brand":[],"product_cat":[30],"product_tag":[],"class_list":{"0":"post-340","1":"product","2":"type-product","3":"status-publish","4":"has-post-thumbnail","6":"product_cat-fairuz-suessigkeiten","8":"first","9":"instock","10":"taxable","11":"shipping-taxable","12":"purchasable","13":"product-type-variable"},"acf":[],"_links":{"self":[{"href":"https:\/\/xn--fairuzrsterei-omb.de\/de\/wp-json\/wp\/v2\/product\/340","targetHints":{"allow":["GET"]}}],"collection":[{"href":"https:\/\/xn--fairuzrsterei-omb.de\/de\/wp-json\/wp\/v2\/product"}],"about":[{"href":"https:\/\/xn--fairuzrsterei-omb.de\/de\/wp-json\/wp\/v2\/types\/product"}],"replies":[{"embeddable":true,"href":"https:\/\/xn--fairuzrsterei-omb.de\/de\/wp-json\/wp\/v2\/comments?post=340"}],"wp:featuredmedia":[{"embeddable":true,"href":"https:\/\/xn--fairuzrsterei-omb.de\/de\/wp-json\/wp\/v2\/media\/691"}],"wp:attachment":[{"href":"https:\/\/xn--fairuzrsterei-omb.de\/de\/wp-json\/wp\/v2\/media?parent=340"}],"wp:term":[{"taxonomy":"product_brand","embeddable":true,"href":"https:\/\/xn--fairuzrsterei-omb.de\/de\/wp-json\/wp\/v2\/product_brand?post=340"},{"taxonomy":"product_cat","embeddable":true,"href":"https:\/\/xn--fairuzrsterei-omb.de\/de\/wp-json\/wp\/v2\/product_cat?post=340"},{"taxonomy":"product_tag","embeddable":true,"href":"https:\/\/xn--fairuzrsterei-omb.de\/de\/wp-json\/wp\/v2\/product_tag?post=340"}],"curies":[{"name":"wp","href":"https:\/\/api.w.org\/{rel}","templated":true}]}}