{"id":718,"date":"2026-03-03T15:08:49","date_gmt":"2026-03-03T14:08:49","guid":{"rendered":"https:\/\/xn--fairuzrsterei-omb.de\/?post_type=product&#038;p=718"},"modified":"2026-03-04T14:45:00","modified_gmt":"2026-03-04T13:45:00","slug":"erdnuesse-gesalzen","status":"publish","type":"product","link":"https:\/\/xn--fairuzrsterei-omb.de\/de\/product\/erdnuesse-gesalzen\/","title":{"rendered":"Erdn\u00fcsse Gesalzen"},"content":{"rendered":"<h2><strong>Jumbo-Erdn\u00fcsse \u2013 schonend, fettfrei ger\u00f6stet &amp; mit Meersalz gew\u00fcrzt<\/strong><\/h2>\n<p><strong>Zutaten:<\/strong>\u00a0Erdnusskerne, Meersalz.<\/p>\n<p><strong>Allergiehinweis:<\/strong>\u00a0Kann Spuren von Schalenfr\u00fcchten, Sesamsamen, Gluten, Soja, Senf, Sellerie, Milch und Ei enthalten.<\/p>\n<p><strong>Lagerung:<\/strong>\u00a0K\u00fchl, trocken und lichtgesch\u00fctzt lagern. Nach dem \u00d6ffnen luftdicht verschlie\u00dfen und zeitnah verbrauchen.<\/p>\n<p><strong>Ursprungsland der Rohstoffe:<\/strong>\u00a0Syrien<br \/>\n<strong>Abgef\u00fcllt und verpackt in Deutschland im Auftrag der Firma CHARISMA.<\/strong><\/p>\n<h3><strong>N\u00e4hrwerte pro 100 g:<\/strong><\/h3>\n<table border=\"1\" cellspacing=\"0\" cellpadding=\"5\">\n<tbody>\n<tr>\n<th>N\u00e4hrwertangabe<\/th>\n<th>pro 100 g<\/th>\n<\/tr>\n<tr>\n<td>Energie<\/td>\n<td>2615 kJ \/ 625 kcal<\/td>\n<\/tr>\n<tr>\n<td>Eiwei\u00df<\/td>\n<td>26,7 g<\/td>\n<\/tr>\n<tr>\n<td>Kohlenhydrate<\/td>\n<td>9,2 g<\/td>\n<\/tr>\n<tr>\n<td>davon Zucker<\/td>\n<td>3,7 g<\/td>\n<\/tr>\n<tr>\n<td>Fett<\/td>\n<td>52,4 g<\/td>\n<\/tr>\n<tr>\n<td>davon ges\u00e4ttigte Fetts\u00e4uren<\/td>\n<td>6,9 g<\/td>\n<\/tr>\n<tr>\n<td>Salz<\/td>\n<td>0,6 g<\/td>\n<\/tr>\n<\/tbody>\n<\/table>\n","protected":false},"excerpt":{"rendered":"<p>Jumbo-Erdn\u00fcsse \u2013 schonend, fettfrei ger\u00f6stet &amp; mit Meersalz gew\u00fcrzt Zutaten:\u00a0Erdnusskerne, Meersalz. Allergiehinweis:\u00a0Kann Spuren von Schalenfr\u00fcchten, Sesamsamen, Gluten, Soja, Senf, Sellerie, Milch und Ei enthalten. Lagerung:\u00a0K\u00fchl, trocken und lichtgesch\u00fctzt lagern. Nach dem \u00d6ffnen luftdicht verschlie\u00dfen und zeitnah verbrauchen. Ursprungsland der Rohstoffe:\u00a0Syrien Abgef\u00fcllt und verpackt in Deutschland im Auftrag der Firma CHARISMA. N\u00e4hrwerte pro 100 g: N\u00e4hrwertangabe [&hellip;]<\/p>\n","protected":false},"featured_media":707,"comment_status":"open","ping_status":"closed","template":"","meta":{"_acf_changed":false},"product_brand":[],"product_cat":[31],"product_tag":[],"class_list":{"0":"post-718","1":"product","2":"type-product","3":"status-publish","4":"has-post-thumbnail","6":"product_cat-nuesse","8":"first","9":"instock","10":"taxable","11":"shipping-taxable","12":"purchasable","13":"product-type-variable"},"acf":[],"_links":{"self":[{"href":"https:\/\/xn--fairuzrsterei-omb.de\/de\/wp-json\/wp\/v2\/product\/718","targetHints":{"allow":["GET"]}}],"collection":[{"href":"https:\/\/xn--fairuzrsterei-omb.de\/de\/wp-json\/wp\/v2\/product"}],"about":[{"href":"https:\/\/xn--fairuzrsterei-omb.de\/de\/wp-json\/wp\/v2\/types\/product"}],"replies":[{"embeddable":true,"href":"https:\/\/xn--fairuzrsterei-omb.de\/de\/wp-json\/wp\/v2\/comments?post=718"}],"wp:featuredmedia":[{"embeddable":true,"href":"https:\/\/xn--fairuzrsterei-omb.de\/de\/wp-json\/wp\/v2\/media\/707"}],"wp:attachment":[{"href":"https:\/\/xn--fairuzrsterei-omb.de\/de\/wp-json\/wp\/v2\/media?parent=718"}],"wp:term":[{"taxonomy":"product_brand","embeddable":true,"href":"https:\/\/xn--fairuzrsterei-omb.de\/de\/wp-json\/wp\/v2\/product_brand?post=718"},{"taxonomy":"product_cat","embeddable":true,"href":"https:\/\/xn--fairuzrsterei-omb.de\/de\/wp-json\/wp\/v2\/product_cat?post=718"},{"taxonomy":"product_tag","embeddable":true,"href":"https:\/\/xn--fairuzrsterei-omb.de\/de\/wp-json\/wp\/v2\/product_tag?post=718"}],"curies":[{"name":"wp","href":"https:\/\/api.w.org\/{rel}","templated":true}]}}