{"id":720,"date":"2026-03-03T15:12:07","date_gmt":"2026-03-03T14:12:07","guid":{"rendered":"https:\/\/xn--fairuzrsterei-omb.de\/?post_type=product&#038;p=720"},"modified":"2026-03-04T14:44:17","modified_gmt":"2026-03-04T13:44:17","slug":"geraeucherte-erdnuesse","status":"publish","type":"product","link":"https:\/\/xn--fairuzrsterei-omb.de\/de\/product\/geraeucherte-erdnuesse\/","title":{"rendered":"Ger\u00e4ucherte Erdn\u00fcsse"},"content":{"rendered":"<h2><strong>Ger\u00e4ucherte Erdn\u00fcsse \u2013 mit feinem Rauchsalz &amp; Sonnenblumen\u00f6l<\/strong><\/h2>\n<p><strong>Zutaten:<\/strong>\u00a0Erdn\u00fcsse, Rauchsalz, Sonnenblumen\u00f6l.<\/p>\n<p><strong>Allergiehinweis:<\/strong>\u00a0Kann Spuren von Schalenfr\u00fcchten, Sesamsamen, Gluten, Soja, Sellerie, Milch und Ei enthalten.<\/p>\n<p><strong>Lagerung:<\/strong>\u00a0K\u00fchl, trocken und lichtgesch\u00fctzt lagern. Nach dem \u00d6ffnen luftdicht verschlie\u00dfen und zeitnah verbrauchen.<\/p>\n<p><strong>Ursprungsland der Rohstoffe:<\/strong>\u00a0Syrien<br \/>\n<strong>Abgef\u00fcllt und verpackt in Deutschland im Auftrag der Firma CHARISMA.<\/strong><\/p>\n<h3><strong>N\u00e4hrwerte je 100 g:<\/strong><\/h3>\n<ul>\n<li>Energie: 2615 kJ \/ 625 kcal<\/li>\n<li>Fett: 52 g<\/li>\n<li>Kohlenhydrate: 9,2 g<\/li>\n<li>davon Zucker: 3,7 g<\/li>\n<li>Ballaststoffe: 6,3 g<\/li>\n<li>Eiwei\u00df: 26 g<\/li>\n<li>Salz: 0,6 g<\/li>\n<\/ul>\n","protected":false},"excerpt":{"rendered":"<p>Ger\u00e4ucherte Erdn\u00fcsse \u2013 mit feinem Rauchsalz &amp; Sonnenblumen\u00f6l Zutaten:\u00a0Erdn\u00fcsse, Rauchsalz, Sonnenblumen\u00f6l. Allergiehinweis:\u00a0Kann Spuren von Schalenfr\u00fcchten, Sesamsamen, Gluten, Soja, Sellerie, Milch und Ei enthalten. Lagerung:\u00a0K\u00fchl, trocken und lichtgesch\u00fctzt lagern. Nach dem \u00d6ffnen luftdicht verschlie\u00dfen und zeitnah verbrauchen. Ursprungsland der Rohstoffe:\u00a0Syrien Abgef\u00fcllt und verpackt in Deutschland im Auftrag der Firma CHARISMA. N\u00e4hrwerte je 100 g: Energie: 2615 [&hellip;]<\/p>\n","protected":false},"featured_media":722,"comment_status":"open","ping_status":"closed","template":"","meta":{"_acf_changed":false},"product_brand":[],"product_cat":[31],"product_tag":[],"class_list":{"0":"post-720","1":"product","2":"type-product","3":"status-publish","4":"has-post-thumbnail","6":"product_cat-nuesse","8":"first","9":"instock","10":"taxable","11":"shipping-taxable","12":"purchasable","13":"product-type-variable"},"acf":[],"_links":{"self":[{"href":"https:\/\/xn--fairuzrsterei-omb.de\/de\/wp-json\/wp\/v2\/product\/720","targetHints":{"allow":["GET"]}}],"collection":[{"href":"https:\/\/xn--fairuzrsterei-omb.de\/de\/wp-json\/wp\/v2\/product"}],"about":[{"href":"https:\/\/xn--fairuzrsterei-omb.de\/de\/wp-json\/wp\/v2\/types\/product"}],"replies":[{"embeddable":true,"href":"https:\/\/xn--fairuzrsterei-omb.de\/de\/wp-json\/wp\/v2\/comments?post=720"}],"wp:featuredmedia":[{"embeddable":true,"href":"https:\/\/xn--fairuzrsterei-omb.de\/de\/wp-json\/wp\/v2\/media\/722"}],"wp:attachment":[{"href":"https:\/\/xn--fairuzrsterei-omb.de\/de\/wp-json\/wp\/v2\/media?parent=720"}],"wp:term":[{"taxonomy":"product_brand","embeddable":true,"href":"https:\/\/xn--fairuzrsterei-omb.de\/de\/wp-json\/wp\/v2\/product_brand?post=720"},{"taxonomy":"product_cat","embeddable":true,"href":"https:\/\/xn--fairuzrsterei-omb.de\/de\/wp-json\/wp\/v2\/product_cat?post=720"},{"taxonomy":"product_tag","embeddable":true,"href":"https:\/\/xn--fairuzrsterei-omb.de\/de\/wp-json\/wp\/v2\/product_tag?post=720"}],"curies":[{"name":"wp","href":"https:\/\/api.w.org\/{rel}","templated":true}]}}