{"id":726,"date":"2026-03-03T15:33:21","date_gmt":"2026-03-03T14:33:21","guid":{"rendered":"https:\/\/xn--fairuzrsterei-omb.de\/?post_type=product&#038;p=726"},"modified":"2026-03-04T14:41:22","modified_gmt":"2026-03-04T13:41:22","slug":"sonnenblumenkerne","status":"publish","type":"product","link":"https:\/\/xn--fairuzrsterei-omb.de\/de\/product\/sonnenblumenkerne\/","title":{"rendered":"Sonnenblumenkerne"},"content":{"rendered":"<h2><strong>Sonnenblumenkerne \u2013 ger\u00f6stet und gesalzen<\/strong><\/h2>\n<p><strong>Zutaten:<\/strong>\u00a0Sonnenblumenkerne, Meersalz.<\/p>\n<p><strong>Allergiehinweis:<\/strong>\u00a0Kann Spuren von Schalenfr\u00fcchten, Erdn\u00fcssen, Sesamsamen, Gluten, Soja, Senf, Sellerie, Milch und Ei enthalten.<\/p>\n<p><strong>Lagerung:<\/strong>\u00a0K\u00fchl, trocken und lichtgesch\u00fctzt lagern. Nach dem \u00d6ffnen luftdicht verschlie\u00dfen und zeitnah verbrauchen.<\/p>\n<p><strong>Ursprungsland der Rohstoffe:<\/strong>\u00a0Syrien<br \/>\n<strong>Abgef\u00fcllt und verpackt in Deutschland im Auftrag der Firma CHARISMA.<\/strong><\/p>\n<h3><strong>N\u00e4hrwerte pro 100 g:<\/strong><\/h3>\n<table border=\"1\" cellspacing=\"0\" cellpadding=\"5\">\n<tbody>\n<tr>\n<th>N\u00e4hrwertangabe<\/th>\n<th>pro 100 g<\/th>\n<\/tr>\n<tr>\n<td>Energie<\/td>\n<td>2470 kJ \/ 595 kcal<\/td>\n<\/tr>\n<tr>\n<td>Fett<\/td>\n<td>49 g<\/td>\n<\/tr>\n<tr>\n<td>davon ges\u00e4ttigte Fetts\u00e4uren<\/td>\n<td>5 g<\/td>\n<\/tr>\n<tr>\n<td>Kohlenhydrate<\/td>\n<td>12 g<\/td>\n<\/tr>\n<tr>\n<td>davon Zucker<\/td>\n<td>1,8 g<\/td>\n<\/tr>\n<tr>\n<td>Ballaststoffe<\/td>\n<td>6,3 g<\/td>\n<\/tr>\n<tr>\n<td>Eiwei\u00df<\/td>\n<td>23 g<\/td>\n<\/tr>\n<tr>\n<td>Salz<\/td>\n<td>1,5 g<\/td>\n<\/tr>\n<\/tbody>\n<\/table>\n","protected":false},"excerpt":{"rendered":"<p>Sonnenblumenkerne \u2013 ger\u00f6stet und gesalzen Zutaten:\u00a0Sonnenblumenkerne, Meersalz. Allergiehinweis:\u00a0Kann Spuren von Schalenfr\u00fcchten, Erdn\u00fcssen, Sesamsamen, Gluten, Soja, Senf, Sellerie, Milch und Ei enthalten. Lagerung:\u00a0K\u00fchl, trocken und lichtgesch\u00fctzt lagern. Nach dem \u00d6ffnen luftdicht verschlie\u00dfen und zeitnah verbrauchen. Ursprungsland der Rohstoffe:\u00a0Syrien Abgef\u00fcllt und verpackt in Deutschland im Auftrag der Firma CHARISMA. N\u00e4hrwerte pro 100 g: N\u00e4hrwertangabe pro 100 g [&hellip;]<\/p>\n","protected":false},"featured_media":705,"comment_status":"open","ping_status":"closed","template":"","meta":{"_acf_changed":false},"product_brand":[],"product_cat":[31],"product_tag":[],"class_list":{"0":"post-726","1":"product","2":"type-product","3":"status-publish","4":"has-post-thumbnail","6":"product_cat-nuesse","8":"first","9":"instock","10":"taxable","11":"shipping-taxable","12":"purchasable","13":"product-type-variable"},"acf":[],"_links":{"self":[{"href":"https:\/\/xn--fairuzrsterei-omb.de\/de\/wp-json\/wp\/v2\/product\/726","targetHints":{"allow":["GET"]}}],"collection":[{"href":"https:\/\/xn--fairuzrsterei-omb.de\/de\/wp-json\/wp\/v2\/product"}],"about":[{"href":"https:\/\/xn--fairuzrsterei-omb.de\/de\/wp-json\/wp\/v2\/types\/product"}],"replies":[{"embeddable":true,"href":"https:\/\/xn--fairuzrsterei-omb.de\/de\/wp-json\/wp\/v2\/comments?post=726"}],"wp:featuredmedia":[{"embeddable":true,"href":"https:\/\/xn--fairuzrsterei-omb.de\/de\/wp-json\/wp\/v2\/media\/705"}],"wp:attachment":[{"href":"https:\/\/xn--fairuzrsterei-omb.de\/de\/wp-json\/wp\/v2\/media?parent=726"}],"wp:term":[{"taxonomy":"product_brand","embeddable":true,"href":"https:\/\/xn--fairuzrsterei-omb.de\/de\/wp-json\/wp\/v2\/product_brand?post=726"},{"taxonomy":"product_cat","embeddable":true,"href":"https:\/\/xn--fairuzrsterei-omb.de\/de\/wp-json\/wp\/v2\/product_cat?post=726"},{"taxonomy":"product_tag","embeddable":true,"href":"https:\/\/xn--fairuzrsterei-omb.de\/de\/wp-json\/wp\/v2\/product_tag?post=726"}],"curies":[{"name":"wp","href":"https:\/\/api.w.org\/{rel}","templated":true}]}}